{"id":24,"date":"2018-02-06T21:54:48","date_gmt":"2018-02-06T20:54:48","guid":{"rendered":"http:\/\/germcells.fr\/?page_id=24"},"modified":"2024-09-30T16:14:05","modified_gmt":"2024-09-30T14:14:05","slug":"publications","status":"publish","type":"page","link":"https:\/\/germcells.fr\/?page_id=24","title":{"rendered":"Publications"},"content":{"rendered":"<div class=\"csRow\">\n<div class=\"csColumnGap\" style=\"margin: 0px; padding: 0px; float: left; width: 1.56%;\"><img decoding=\"async\" src=\"http:\/\/germcells.fr\/wp-content\/plugins\/advanced-wp-columns\/assets\/js\/plugins\/views\/img\/1x1-pixel.png\"><\/div>\n<div class=\"csColumn\" style=\"margin: 0px; padding: 0px; float: left; width: 23%;\" data-csstartpoint=\"14.999998298828125\" data-csendpoint=\"236.24999829882813\" data-cswidth=\"23.0%\" data-csid=\"f0f01578-8864-b17f-a72f-9bfa325bfe6c\">\n<p><img loading=\"lazy\" decoding=\"async\" class=\"alignnone wp-image-347 size-full\" src=\"http:\/\/germcells.fr\/wp-content\/uploads\/2018\/03\/G3-600-2.jpg\" alt=\"\" width=\"451\" height=\"600\" srcset=\"https:\/\/germcells.fr\/wp-content\/uploads\/2018\/03\/G3-600-2.jpg 451w, https:\/\/germcells.fr\/wp-content\/uploads\/2018\/03\/G3-600-2-226x300.jpg 226w\" sizes=\"auto, (max-width: 451px) 85vw, 451px\" \/><\/p>\n<\/div>\n<div class=\"csColumnGap\" style=\"margin: 0px; padding: 0px; float: left; width: 1.56%;\"><img decoding=\"async\" src=\"http:\/\/germcells.fr\/wp-content\/plugins\/advanced-wp-columns\/assets\/js\/plugins\/views\/img\/1x1-pixel.png\"><\/div>\n<div class=\"csColumn\" style=\"margin: 0px; padding: 0px; float: left; width: 23%;\" data-csstartpoint=\"251.24999829882813\" data-csendpoint=\"472.49999829882813\" data-cswidth=\"23.0%\" data-csid=\"e529425a-5464-1d82-b3cd-b28148a017ef\">\n<p><img loading=\"lazy\" decoding=\"async\" class=\"alignnone wp-image-345 size-full\" src=\"http:\/\/germcells.fr\/wp-content\/uploads\/2018\/03\/Dev-600-2.jpg\" alt=\"\" width=\"452\" height=\"600\" srcset=\"https:\/\/germcells.fr\/wp-content\/uploads\/2018\/03\/Dev-600-2.jpg 452w, https:\/\/germcells.fr\/wp-content\/uploads\/2018\/03\/Dev-600-2-226x300.jpg 226w\" sizes=\"auto, (max-width: 452px) 85vw, 452px\" \/><\/p>\n<\/div>\n<div class=\"csColumnGap\" style=\"margin: 0px; padding: 0px; float: left; width: 1.56%;\"><img decoding=\"async\" src=\"http:\/\/germcells.fr\/wp-content\/plugins\/advanced-wp-columns\/assets\/js\/plugins\/views\/img\/1x1-pixel.png\"><\/div>\n<div class=\"csColumn\" style=\"margin: 0px; padding: 0px; float: left; width: 23%;\" data-csstartpoint=\"487.49996778125\" data-csendpoint=\"708.74996778125\" data-cswidth=\"23.0%\" data-csid=\"822db1b0-2627-a765-8be6-4309e0f1cb1b\">\n<p><img loading=\"lazy\" decoding=\"async\" class=\"alignnone wp-image-346 size-full\" src=\"http:\/\/germcells.fr\/wp-content\/uploads\/2018\/03\/NCB-wicked-600-2.jpg\" alt=\"\" width=\"457\" height=\"600\" srcset=\"https:\/\/germcells.fr\/wp-content\/uploads\/2018\/03\/NCB-wicked-600-2.jpg 457w, https:\/\/germcells.fr\/wp-content\/uploads\/2018\/03\/NCB-wicked-600-2-229x300.jpg 229w\" sizes=\"auto, (max-width: 457px) 85vw, 457px\" \/><\/p>\n<\/div>\n<div class=\"csColumnGap\" style=\"margin: 0px; padding: 0px; float: left; width: 1.56%;\"><img decoding=\"async\" src=\"http:\/\/germcells.fr\/wp-content\/plugins\/advanced-wp-columns\/assets\/js\/plugins\/views\/img\/1x1-pixel.png\"><\/div>\n<div class=\"csColumn\" style=\"margin: 0px; padding: 0px; float: left; width: 23%;\" data-csstartpoint=\"723.74996778125\" data-csendpoint=\"944.99996778125\" data-cswidth=\"23.0%\" data-csid=\"5751084b-a90b-6bc9-99f7-1f5e604f59f3\">\n<p><img loading=\"lazy\" decoding=\"async\" class=\"alignnone wp-image-344 size-full\" src=\"http:\/\/germcells.fr\/wp-content\/uploads\/2018\/03\/NCB-Talin-600-2-e1521740613950.jpg\" alt=\"\" width=\"421\" height=\"556\" srcset=\"https:\/\/germcells.fr\/wp-content\/uploads\/2018\/03\/NCB-Talin-600-2-e1521740613950.jpg 421w, https:\/\/germcells.fr\/wp-content\/uploads\/2018\/03\/NCB-Talin-600-2-e1521740613950-227x300.jpg 227w\" sizes=\"auto, (max-width: 421px) 85vw, 421px\" \/><\/p>\n<\/div>\n<div class=\"csColumnGap\" style=\"margin: 0px; padding: 0px; float: left; width: 1.56%;\"><img decoding=\"async\" src=\"http:\/\/germcells.fr\/wp-content\/plugins\/advanced-wp-columns\/assets\/js\/plugins\/views\/img\/1x1-pixel.png\"><\/div>\n<div style=\"clear: both; float: none; display: block; visibility: hidden; width: 0px; font-size: 0px; line-height: 0;\"><\/div>\n<\/div>\n<h2 style=\"text-align: center;\">Key Publications<\/h2>\n<p><a href=\"https:\/\/www.science.org\/doi\/10.1126\/sciadv.add2873\"><strong>Conserved meiotic mechanisms in the cnidarian Clytia hemisphaerica revealed by Spo11 knockout.<\/strong><\/a><br \/>\nCatriona Munro, Hugo Cadis, Sophie Pagnotta, Evelyn Houliston, Jean-Ren\u00e9 Huynh<br \/>\n<strong><em>Science Advances<\/em><\/strong>, <strong>2023<\/strong><em> Jan 27;9(4):eadd2873<\/em><\/p>\n<p><a href=\"http:\/\/www.scienceonline.org\"><strong>The deubiquitinase USP8 targets ESCRT-III to promote incomplete cell division<\/strong><\/a><br \/>\nMathieu J., Michel-Hissier P., Boucherit V., Huynh JR.<br \/>\n<span class=\"docsum-journal-citation full-journal-citation\"><strong>Science<\/strong> 2022&nbsp; <\/span><span class=\"cit\">May 20;376(6595):818-823.&nbsp; <a href=\"https:\/\/www.science.org\/stoken\/author-tokens\/ST-514\/full\">Full text<\/a><\/span><\/p>\n<p><a href=\"http:\/\/germcells.fr\/wp-content\/uploads\/2020\/09\/Collective-Cell-Sorting-Requires-Contractile-CorticalWaves-in-Germline-Cells.pdf\"><strong>Collective Cell Sorting Require Contractile Cortical Waves in Germline Cells<\/strong><\/a><br \/>\nChanet S, Huynh JR.<br \/>\n<span class=\"docsum-journal-citation full-journal-citation\"><strong>Current Biology<\/strong> 2020 Nov 2;30(21):4213-4226<\/span><\/p>\n<p><a href=\"http:\/\/germcells.fr\/wp-content\/uploads\/2018\/02\/tRNA-processing-defects-induce-replication-stress-and-Chk2-dependent-disruption-of-piRNA-transcription.pdf\"><strong>tRNA processing defects induce replication stress and Chk2-dependent disruption of piRNA transcription<\/strong><\/a><br \/>\nMolla-Herman A, Vall\u00e9s AM, Ganem-Elbaz C, Antoniewski C, Huynh JR.<br \/>\n<strong>the EMBO Journal<\/strong> 2015 Dec 14;34(24):3009-27.<\/p>\n<p><strong><a href=\"http:\/\/germcells.fr\/wp-content\/uploads\/2018\/02\/Microtubule-driven-nuclear-rotations-promote-meiotic-chromosome-dynamics.pdf\">Microtubule-driven nuclear rotations promote meiotic chromosome dynamics<\/a><\/strong><br \/>\nChristophorou N, Rubin T, Bonnet I, Piolot T, Arnaud M, Huynh JR.<br \/>\n<strong>Nature Cell Biology<\/strong> 2015 Nov;17(11):1388-400.<\/p>\n<p><strong><a href=\"http:\/\/germcells.fr\/wp-content\/uploads\/2018\/02\/Aurora-B-and-Cyclin-B-Have-Opposite-Effects-on-the-Timing-of-Cytokinesis-Abscission-in-Drosophila-Germ-Cells-and-in-Vertebrate-Somatic-Cells.pdf\">Aurora B and Cyclin B Have Opposite Effects on the Timing of Cytokinesis Abscission in Drosophila Germ Cells and in Vertebrate Somatic Cells<\/a><\/strong><br \/>\nMathieu J, Cauvin C, Moch C, Radford SJ, Sampaio P, Perdigoto CN, Schweisguth F, Bardin AJ, Sunkel CE, McKim K, Echard A, Huynh JR.<br \/>\n<strong>Developmental Cell<\/strong>. 2013 Aug 12;26(3):250-65.<\/p>\n<p><strong><a href=\"http:\/\/germcells.fr\/wp-content\/uploads\/2018\/02\/Live-imaging-of-single-stem-cells-within-their-niche-reveals-that-a-U3snoRNP-component-segregates-asymmetrically-and-is-required-for-self-renewal-in-Drosophila.pdf\">Live-imaging of single stem cells within their niche reveals that a U3snoRNP component segregates asymmetrically and is required for self-renewal in Drosophila<\/a><\/strong><br \/>\nFichelson P, Moch C, Ivanovitch K, Martin C, Sidor CM, Lepesant JA, Bellaiche Y, Huynh JR.<br \/>\n<strong>Nature Cell Biology<\/strong> 2009 Jun;11(6):685-93.<\/p>\n<p><strong><a href=\"http:\/\/germcells.fr\/wp-content\/uploads\/2018\/02\/Integrin-independent-repression-of-cadherin-transcription-by-talin-during-axis-formation-in-Drosophila.pdf\">Integrin-independent repression of cadherin transcription by talin during axis formation in Drosophila<\/a><\/strong><br \/>\nB\u00e9cam IE, Tanentzapf G, Lepesant JA, Brown NH, Huynh JR.<br \/>\n<strong>Nature Cell Biology<\/strong> 2005 May;7(5):510-6.<\/p>\n<hr>\n<hr>\n<hr>\n<h2 style=\"text-align: center;\">Publications<\/h2>\n<p><em>Publication year: 2024<\/em><\/p>\n<p><a href=\"http:\/\/germcells.fr\/wp-content\/uploads\/2024\/09\/iyae130.pdf\" target=\"_blank\" rel=\"noopener noreferrer\">Transcriptomic analysis of meiotic genes during the mitosis-to-meiosis transition in Drosophila females<\/a><br \/>\n<span class=\"authors-list-item \">Ana Maria Vall\u00e9<sup>s<\/sup> <span class=\"comma\">,&nbsp;<\/span><\/span><span class=\"authors-list-item \">Thomas Rubin<sup class=\"affiliation-links\"><span class=\"author-sup-separator\">&nbsp;<\/span> <\/sup><span class=\"comma\">,&nbsp;<\/span><\/span><span class=\"authors-list-item \">Nicolas Macaisne<sup class=\"affiliation-links\"><span class=\"author-sup-separator\">&nbsp;<\/span> <\/sup><span class=\"comma\">,&nbsp;<\/span><\/span><span class=\"authors-list-item \">Laurine Dal Toe<sup class=\"affiliation-links\"><span class=\"author-sup-separator\">&nbsp;<\/span> <\/sup><\/span><span class=\"authors-list-item \">, Anahi Molla-Herman<sup class=\"affiliation-links\"><span class=\"author-sup-separator\">&nbsp;<\/span> <\/sup><span class=\"comma\">,&nbsp;<\/span><\/span><span class=\"authors-list-item \">Christophe Antoniewski<sup class=\"affiliation-links\"><span class=\"author-sup-separator\">&nbsp;<\/span> <\/sup><span class=\"comma\">,&nbsp;<\/span><\/span><span class=\"authors-list-item \">Jean-Ren\u00e9 Huynh<sup class=\"affiliation-links\">&nbsp;<\/sup><\/span><br \/>\n<span class=\"cit\"><span class=\"docsum-authors full-authors\"><strong>Genetics <\/strong><strong>2024 Oct,<\/strong><\/span><\/span><\/p>\n<p><a href=\"http:\/\/germcells.fr\/wp-content\/uploads\/2024\/04\/dev202306.pdf\">Lethal Giant Disc is a target of Cdk1 and regulates ESCRT-III localization during germline stem cell abscission<\/a><br \/>\nCatherine Hermant, Neuza Reis Matias, Pascale Michel-Hissier, Jean-Rene\u0301 Huynh* and Juliette Mathieu*<span class=\"cit\"><br \/>\n<span class=\"docsum-authors full-authors\"><strong>Development <\/strong><strong>2024 Apr 15<\/strong>;151(8):dev202306.<\/span><\/span><\/p>\n<p><em>Publication year: 2023<\/em><\/p>\n<p><a href=\"https:\/\/www.science.org\/doi\/10.1126\/sciadv.add2873\">Conserved meiotic mechanisms in the cnidarian Clytia hemisphaerica revealed by Spo11 knockout &nbsp; <\/a>Catriona Munro, Hugo Cadis, Sophie Pagnotta, Evelyn Houliston, Jean-Ren\u00e9 Huynh <strong><em><br \/>\nScience Advances<\/em><\/strong>, <strong>2023<\/strong><em> Jan 27;9(4):eadd2873<br \/>\n<\/em><\/p>\n<p><em>Publication year: 2022<\/em><\/p>\n<p><span class=\"cit\"><a href=\"https:\/\/www.pnas.org\/doi\/10.1073\/pnas.2207660119\">Premeiotic pairing of homologous chromosomes during Drosophila male meiosis<\/a><br \/>\nRubin T., Macaisne N., Vall\u00e9s AM., Guilleman C., Gaugu\u00e9 I., Dal Toe L., Huynh JR.<br \/>\n<span class=\"docsum-journal-citation full-journal-citation\"><strong>PNAS <\/strong>2022&nbsp; Epub 2022 November 14.<\/span><\/span><\/p>\n<p><a class=\"docsum-title\" href=\"https:\/\/pubmed-ncbi-nlm-nih-gov.insb.bib.cnrs.fr\/36038550\/\" data-ga-category=\"result_click\" data-ga-action=\"1\" data-ga-label=\"36038550\" data-full-article-url=\"from_term=huynh+JR+chanet&amp;from_sort=date&amp;from_pos=1\" data-article-id=\"36038550\">Cytoplasmic forces functionally reorganize nuclear condensates in oocytes. &nbsp; <\/a><span class=\"docsum-authors full-authors\"><span class=\"docsum-journal-citation full-journal-citation\">Nat Commun. 2022 Aug 29<\/span><\/span><br \/>\n<span class=\"docsum-authors full-authors\">Al Jord A, Letort G, <strong>Chanet S<\/strong>, Tsai FC, Antoniewski C, Eichmuller A, Da Silva C, <b>Huynh JR<\/b>, Gov NS, Voituriez R, Terret M\u00c9, Verlhac MH.<\/span><\/p>\n<p><a href=\"http:\/\/www.scienceonline.org\">The deubiquitinase USP8 targets ESCRT-III to promote incomplete cell division<\/a><br \/>\nMathieu J., Michel-Hissier P., Boucherit V., Huynh JR.<br \/>\n<span class=\"docsum-journal-citation full-journal-citation\"><strong>Science<\/strong> 2022&nbsp; <\/span><span class=\"cit\">May 20;376(6595):818-823.&nbsp; <a href=\"https:\/\/www.science.org\/stoken\/author-tokens\/ST-514\/full\">Full text<\/a>&nbsp;<\/span><\/p>\n<p><em>Publication year: 2020<\/em><\/p>\n<p><a class=\"docsum-title\" href=\"https:\/\/pubmed-ncbi-nlm-nih-gov.insb.bib.cnrs.fr\/33193603\/\" data-ga-category=\"result_click\" data-ga-action=\"2\" data-ga-label=\"33193603\" data-full-article-url=\"from_term=huynh+JR+drosophila&amp;from_sort=date&amp;from_pos=2\" data-article-id=\"33193603\">tRNA Fragments Populations Analysis in Mutants Affecting tRNAs Processing and tRNA Methylation. <\/a><br \/>\n<span class=\"docsum-journal-citation full-journal-citation\">Front Genet. 2020 Oct 9;11:518949. <\/span><br \/>\n<span class=\"docsum-authors full-authors\"><strong>Molla-Herman A<\/strong>, Angelova MT,<strong> Ginestet M<\/strong>, Carr\u00e9 C, Antoniewski C, <b>Huynh JR.<\/b><\/span><\/p>\n<p><a href=\"http:\/\/germcells.fr\/wp-content\/uploads\/2020\/09\/Collective-Cell-Sorting-Requires-Contractile-CorticalWaves-in-Germline-Cells.pdf\">Collective Cell Sorting Require Contractile Cortical Waves in Germline Cells<\/a><br \/>\n<strong>Chanet S, Huynh JR.<\/strong><br \/>\n<span class=\"docsum-journal-citation full-journal-citation\">Curr Biol. 2020 Sep 4<\/span><\/p>\n<p><a class=\"docsum-title\" href=\"https:\/\/pubmed-ncbi-nlm-nih-gov.insb.bib.cnrs.fr\/32423645\/\" data-ga-category=\"result_click\" data-ga-action=\"4\" data-ga-label=\"32423645\" data-full-article-url=\"from_term=huynh+drosophila&amp;from_sort=date&amp;from_pos=4\" data-article-id=\"32423645\">Isolation of stage-specific germ cells using FACS in <b>Drosophila<\/b> germarium. <\/a><strong><span class=\"docsum-authors full-authors\">Vall\u00e9s AM, Huynh JR.<\/span> <\/strong><br \/>\n<span class=\"docsum-journal-citation full-journal-citation\">Methods Cell Biol. 2020;158:11-24.<\/span><\/p>\n<p><em>Publication year: 2019<\/em><\/p>\n<p><a href=\"http:\/\/germcells.fr\/wp-content\/uploads\/2020\/09\/Mixing-and-Matching-Chromosomes-during-Female-Meiosis.pdf\">Mixing and Matching Chromosomes during Female Meiosis<\/a><br \/>\n<strong><span class=\"docsum-journal-citation full-journal-citation\"><span class=\"docsum-authors full-authors\">Rubin T, Macaisne N, Huynh JR.<\/span><\/span><\/strong><br \/>\n<span class=\"docsum-journal-citation full-journal-citation\">Cells. 2020 Mar 12;9(3)<\/span><span class=\"free-resources spaced-citation-item citation-part\">.<\/span> <span class=\"publication-type spaced-citation-item citation-part\">Review.<\/span><\/p>\n<p><em>Publication year: 2018<\/em><\/p>\n<p><a href=\"http:\/\/germcells.fr\/wp-content\/uploads\/2018\/10\/The-replicative-histone-chaperone-CAF1-is-essential-for-the-maintenance-of-identity-and-genome-integrity-in-adult-stem-cells.pdf\">The replicative histone chaperone CAF1 is essential for the maintenance of identity and genome integrity in adult stem cells<\/a><br \/>\n<strong>Cl\u00e9mot M, Molla-Herman A, Mathieu J, Huynh JR, Dostatni N.<\/strong><br \/>\nDevelopment. 2018 Aug 28;145(17)<\/p>\n<p><em>Publication year: 2017<\/em><\/p>\n<p><a href=\"http:\/\/germcells.fr\/wp-content\/uploads\/2018\/02\/Bam-and-Otu-can-regulate-stem-cell-fate-by-stabilizing-cyclin-A.pdf\">Bam and Otu can regulate stem cell fate by stabilizing cyclin A<\/a><br \/>\n<strong>Mathieu J, Huynh JR.<\/strong><br \/>\nProc Natl Acad Sci U S A. 2017 Jun 13;114(24):6154-6156.<\/p>\n<p><em>Publication year: 2016<\/em><\/p>\n<p><a href=\"http:\/\/germcells.fr\/wp-content\/uploads\/2018\/02\/How-to-pre-pair-chromosomes-for-meiosis.pdf\">How to pre-pair chromosomes for meiosis<\/a><br \/>\n<strong>Rubin T, Christophorou N, Huynh JR.<\/strong><br \/>\nCell Cycle. 2016;15(5):609-10.<\/p>\n<p><em>Publication year: 2015<\/em><\/p>\n<p><a href=\"http:\/\/germcells.fr\/wp-content\/uploads\/2018\/02\/Mosaic-Analysis-in-the-Drosophila-melanogaster-Ovary.pdf\">Mosaic Analysis in the Drosophila melanogaster Ovary<\/a><br \/>\n<strong>Rubin T, Huynh JR.<\/strong><br \/>\nMethods Mol Biol. 2015;1328:29-55.<\/p>\n<p><a href=\"http:\/\/germcells.fr\/wp-content\/uploads\/2018\/02\/tRNA-processing-defects-induce-replication-stress-and-Chk2-dependent-disruption-of-piRNA-transcription.pdf\">tRNA processing defects induce replication stress and Chk2-dependent disruption of piRNA transcription<\/a><br \/>\n<strong>Molla-Herman A, Vall\u00e9s AM, Ganem-Elbaz C, Antoniewski C, Huynh JR.<\/strong><br \/>\nEMBO J. 2015 Dec 14;34(24):3009-27.<\/p>\n<p><a href=\"http:\/\/germcells.fr\/wp-content\/uploads\/2018\/02\/Microtubule-driven-nuclear-rotations-promote-meiotic-chromosome-dynamics.pdf\">Microtubule-driven nuclear rotations promote meiotic chromosome dynamics<\/a><br \/>\n<strong>Christophorou N, Rubin T, Bonnet I, Piolot T, Arnaud M, Huynh JR.<\/strong><br \/>\nNat Cell Biol. 2015 Nov;17(11):1388-400.<\/p>\n<p><a href=\"http:\/\/germcells.fr\/wp-content\/uploads\/2018\/02\/Abscission-Is-Regulated-by-the-ESCRT-III-Protein-Shrub-in-Drosophila-Germline-Stem-Cells.pdf\">Abscission Is Regulated by the ESCRT-III Protein Shrub in Drosophila Germline Stem Cells<\/a><br \/>\n<strong>Matias NR, Mathieu J, Huynh JR.<br \/>\n<\/strong>PLoS Genet. 2015 Feb 3;11(2)<\/p>\n<p><a href=\"http:\/\/germcells.fr\/wp-content\/uploads\/2018\/02\/ALIX-and-ESCRT-III-Coordinately-Control-Cytokinetic-Abscission-during-Germline-Stem-Cell-Division-In-Vivo.pdf\">ALIX and ESCRT-III Coordinately Control Cytokinetic Abscission during Germline Stem Cell Division In Vivo<\/a><br \/>\n<strong>Eikenes \u00c5H, Maler\u00f8d L, Christensen AL, Steen CB, Mathieu J, Nezis IP, Liest\u00f8l K, Huynh JR, Stenmark H, Haglund K<\/strong>.<br \/>\nPLoS Genet. 2015 Jan 30;11(1)<\/p>\n<p><em>Publication year: 2014<\/em><\/p>\n<p><a href=\"http:\/\/germcells.fr\/wp-content\/uploads\/2018\/02\/EMS-Mutagenesis-in-the-Pea-Aphid-Acyrthosiphon-pisum.pdf\">EMS Mutagenesis in the Pea Aphid Acyrthosiphon pisum<\/a><br \/>\n<strong>Tagu D, Le Trionnaire G, Tanguy S, Gauthier JP, Huynh JR.<\/strong><br \/>\nG3 (Bethesda). 2014 Apr 16;4(4):657-67.<\/p>\n<p><em>Publication year: 2013<\/em><\/p>\n<p><a href=\"http:\/\/germcells.fr\/wp-content\/uploads\/2018\/02\/Aurora-B-and-Cyclin-B-Have-Opposite-Effects-on-the-Timing-of-Cytokinesis-Abscission-in-Drosophila-Germ-Cells-and-in-Vertebrate-Somatic-Cells.pdf\">Aurora B and Cyclin B Have Opposite Effects on the Timing of Cytokinesis Abscission in Drosophila Germ Cells and in Vertebrate Somatic Cells<\/a><br \/>\n<strong>Mathieu J, Cauvin C, Moch C, Radford SJ, Sampaio P, Perdigoto CN, Schweisguth F, Bardin AJ, Sunkel CE, McKim K, Echard A, Huynh JR.<\/strong><br \/>\nDev Cell. 2013 Aug 12;26(3):250-65.<\/p>\n<p><a href=\"http:\/\/germcells.fr\/wp-content\/uploads\/2018\/02\/Synaptonemal-Complex-Components-Promote-Centromere-Pairing-in-Pre-meiotic-Germ-Cells.pdf\">Synaptonemal Complex Components Promote Centromere Pairing in Pre-meiotic Germ Cells<\/a><br \/>\n<strong>Christophorou N, Rubin T, Huynh JR.<\/strong><br \/>\nPLoS Genet. 2013;9(12)<\/p>\n<p><a href=\"http:\/\/germcells.fr\/wp-content\/uploads\/2018\/02\/A-Mosaic-Genetic-Screen-for-Genes-Involved-in-the-Early-Steps-of-Drosophila-Oogenesis.pdf\">A Mosaic Genetic Screen for Genes Involved in the Early Steps of Drosophila Oogenesis<\/a><br \/>\n<strong>Jagut M, Mihaila-Bodart L, Molla-Herman A, Alin MF, Lepesant JA, Huynh JR.<\/strong><br \/>\nG3 (Bethesda). 2013 Mar;3(3):409-25.<\/p>\n<p><em>Publication year: 2010<\/em><\/p>\n<p><a href=\"http:\/\/germcells.fr\/wp-content\/uploads\/2018\/02\/lethal-giant-larvae-is-required-with-the-par-genes-for-the-early-polarization-of-the-Drosophila-oocyte.pdf\">lethal giant larvae is required with the par genes for the early polarization of the Drosophila oocyte<\/a><br \/>\n<strong>Fichelson P, Jagut M, Lepanse S, Lepesant JA, Huynh JR. <\/strong><br \/>\nDevelopment. 2010 Mar;137(5):815-24.<\/p>\n<p><em>Publication year: 2009<\/em><\/p>\n<p><a href=\"http:\/\/germcells.fr\/wp-content\/uploads\/2018\/02\/Live-imaging-of-single-stem-cells-within-their-niche-reveals-that-a-U3snoRNP-component-segregates-asymmetrically-and-is-required-for-self-renewal-in-Drosophila.pdf\">Live-imaging of single stem cells within their niche reveals that a U3snoRNP component segregates asymmetrically and is required for self-renewal in Drosophila<\/a><br \/>\n<strong>Fichelson P, Moch C, Ivanovitch K, Martin C, Sidor CM, Lepesant JA, Bellaiche Y, Huynh JR<\/strong>.<br \/>\nNat Cell Biol. 2009 Jun;11(6):685-93.<\/p>\n<p><a href=\"http:\/\/germcells.fr\/wp-content\/uploads\/2018\/02\/Croissance-asym\u00e9trique-et-regeneration.pdf\">Croissance asym\u00e9trique et regeneration<\/a><br \/>\n<strong>Fichelson P, Huynh JR.<\/strong><br \/>\nMed Sci (Paris). 2009 Oct;25(10):780-1. Review. French<\/p>\n<p><em>Publication year: 2007<\/em><\/p>\n<p><a href=\"http:\/\/germcells.fr\/wp-content\/uploads\/2018\/02\/Regulation-of-germline-stem-cells-the-niche-expands-in-Drosophila.-1.pdf\">Regulation of germline stem cells the niche expands in Drosophila.<\/a><br \/>\n<strong>Jagut M, Huynh JR. <\/strong><br \/>\nMed Sci (Paris). 2007 Jun-Jul;23(6-7):611-8. Review. French<\/p>\n<p><a href=\"http:\/\/germcells.fr\/wp-content\/uploads\/2018\/02\/Asymmetric-Divisions-of-Germline-Cells.pdf\">Asymmetric Divisions of Germline Cells<\/a><br \/>\n<strong>Fichelson P, Huynh JR. <\/strong><br \/>\nProg Mol Subcell Biol. 2007;45:97-120. Review.<\/p>\n<p><a href=\"http:\/\/germcells.fr\/wp-content\/uploads\/2018\/02\/Genetic-control-of-intercellular-adhesion-or-how-cadherins-shape-the-fruitfly-Drosophila-melanogaster..pdf\">Genetic control of intercellular adhesion or how cadherins shape the fruitfly Drosophila melanogaster.<\/a><br \/>\n<strong>B\u00e9cam I, Huynh JR.<\/strong><br \/>\nMed Sci (Paris). 2007 Mar;23(3):285-90. Review. French<\/p>\n<p><em>Publication year: 2005<\/em><\/p>\n<p><a href=\"http:\/\/germcells.fr\/wp-content\/uploads\/2018\/02\/Integrin-independent-repression-of-cadherin-transcription-by-talin-during-axis-formation-in-Drosophila.pdf\">Integrin-independent repression of cadherin transcription by talin during axis formation in Drosophila<\/a><br \/>\n<strong>B\u00e9cam IE, Tanentzapf G, Lepesant JA, Brown NH, Huynh JR.<\/strong><br \/>\nNat Cell Biol. 2005 May;7(5):510-6.<\/p>\n<p><em>Publication year: 2004<\/em><\/p>\n<p><a href=\"http:\/\/germcells.fr\/wp-content\/uploads\/2018\/02\/The-Origin-of-Asymmetry-Early-Polarisation-of-the-Drosophila-Germline-Cyst-and-Oocyte.pdf\">The Origin of Asymmetry Early Polarisation of the Drosophila Germline Cyst and Oocyte<\/a><br \/>\n<strong>Huynh JR, St Johnston D.<\/strong><br \/>\nCurr Biol. 2004 Jun 8;14(11):R438-49.Review.<\/p>\n<p><a href=\"http:\/\/germcells.fr\/wp-content\/uploads\/2018\/02\/The-Drosophila-hnRNPAB-Homolog-Hrp48-Is-Specifically-Required-for-a-Distinct-Step-in-osk-mRNA-Localization.pdf\">The Drosophila hnRNPAB Homolog, Hrp48, Is Specifically Required for a Distinct Step in osk mRNA Localization<\/a><br \/>\n<strong>Huynh JR, Munro TP, Smith-Liti\u00e8re K, Lepesant JA, St Johnston D.<\/strong><br \/>\nDev Cell. 2004 May;6(5):625-35.<\/p>\n","protected":false},"excerpt":{"rendered":"<p>Key Publications Conserved meiotic mechanisms in the cnidarian Clytia hemisphaerica revealed by Spo11 knockout. Catriona Munro, Hugo Cadis, Sophie Pagnotta, Evelyn Houliston, Jean-Ren\u00e9 Huynh Science Advances, 2023 Jan 27;9(4):eadd2873 The deubiquitinase USP8 targets ESCRT-III to promote incomplete cell division Mathieu J., Michel-Hissier P., Boucherit V., Huynh JR. Science 2022&nbsp; May 20;376(6595):818-823.&nbsp; Full text Collective Cell <a class=\"read-more-link\" href=\"https:\/\/germcells.fr\/?page_id=24\">Read More<\/a><\/p>\n","protected":false},"author":1,"featured_media":0,"parent":0,"menu_order":0,"comment_status":"closed","ping_status":"closed","template":"","meta":{"footnotes":""},"class_list":["post-24","page","type-page","status-publish","hentry"],"_links":{"self":[{"href":"https:\/\/germcells.fr\/index.php?rest_route=\/wp\/v2\/pages\/24","targetHints":{"allow":["GET"]}}],"collection":[{"href":"https:\/\/germcells.fr\/index.php?rest_route=\/wp\/v2\/pages"}],"about":[{"href":"https:\/\/germcells.fr\/index.php?rest_route=\/wp\/v2\/types\/page"}],"author":[{"embeddable":true,"href":"https:\/\/germcells.fr\/index.php?rest_route=\/wp\/v2\/users\/1"}],"replies":[{"embeddable":true,"href":"https:\/\/germcells.fr\/index.php?rest_route=%2Fwp%2Fv2%2Fcomments&post=24"}],"version-history":[{"count":83,"href":"https:\/\/germcells.fr\/index.php?rest_route=\/wp\/v2\/pages\/24\/revisions"}],"predecessor-version":[{"id":969,"href":"https:\/\/germcells.fr\/index.php?rest_route=\/wp\/v2\/pages\/24\/revisions\/969"}],"wp:attachment":[{"href":"https:\/\/germcells.fr\/index.php?rest_route=%2Fwp%2Fv2%2Fmedia&parent=24"}],"curies":[{"name":"wp","href":"https:\/\/api.w.org\/{rel}","templated":true}]}}